{"id":1593,"date":"2021-07-29T10:25:25","date_gmt":"2021-07-29T07:25:25","guid":{"rendered":"https:\/\/bazaochi.md\/?page_id=1593"},"modified":"2021-08-12T13:15:59","modified_gmt":"2021-08-12T10:15:59","slug":"actiuni","status":"publish","type":"page","link":"https:\/\/bazaochi.md\/?page_id=1593","title":{"rendered":"Actiuni si tarife"},"content":{"rendered":"\t\t<div data-elementor-type=\"wp-page\" data-elementor-id=\"1593\" class=\"elementor elementor-1593\" data-elementor-settings=\"[]\">\n\t\t\t\t\t\t\t<div class=\"elementor-section-wrap\">\n\t\t\t\t\t\t\t<section class=\"elementor-section elementor-top-section elementor-element elementor-element-1e301860 elementor-section-stretched elementor-section-boxed elementor-section-height-default elementor-section-height-default\" data-id=\"1e301860\" data-element_type=\"section\" data-settings=\"{&quot;background_background&quot;:&quot;gradient&quot;,&quot;stretch_section&quot;:&quot;section-stretched&quot;}\">\n\t\t\t\t\t\t<div class=\"elementor-container elementor-column-gap-wide\">\n\t\t\t\t\t<div class=\"elementor-column elementor-col-100 elementor-top-column elementor-element elementor-element-dc746d2\" data-id=\"dc746d2\" data-element_type=\"column\">\n\t\t\t<div class=\"elementor-widget-wrap elementor-element-populated\">\n\t\t\t\t\t\t\t\t<div class=\"elementor-element elementor-element-8767d41 elementor-widget-divider--view-line elementor-widget elementor-widget-divider\" data-id=\"8767d41\" data-element_type=\"widget\" data-widget_type=\"divider.default\">\n\t\t\t\t<div class=\"elementor-widget-container\">\n\t\t\t\t\t<div class=\"elementor-divider\">\n\t\t\t<span class=\"elementor-divider-separator\">\n\t\t\t\t\t\t<\/span>\n\t\t<\/div>\n\t\t\t\t<\/div>\n\t\t\t\t<\/div>\n\t\t\t\t<div class=\"elementor-element elementor-element-299c41cd elementor-widget elementor-widget-heading\" data-id=\"299c41cd\" data-element_type=\"widget\" data-widget_type=\"heading.default\">\n\t\t\t\t<div class=\"elementor-widget-container\">\n\t\t\t<p class=\"elementor-heading-title elementor-size-default\">Ac\u021biuni \u0219i tarife<\/p>\t\t<\/div>\n\t\t\t\t<\/div>\n\t\t\t\t<section class=\"elementor-section elementor-inner-section elementor-element elementor-element-212eebe elementor-section-boxed elementor-section-height-default elementor-section-height-default\" data-id=\"212eebe\" data-element_type=\"section\">\n\t\t\t\t\t\t<div class=\"elementor-container elementor-column-gap-default\">\n\t\t\t\t\t<div class=\"elementor-column elementor-col-33 elementor-inner-column elementor-element elementor-element-0616228\" data-id=\"0616228\" data-element_type=\"column\">\n\t\t\t<div class=\"elementor-widget-wrap elementor-element-populated\">\n\t\t\t\t\t\t\t\t<div class=\"elementor-element elementor-element-6c614e9 elementor-position-top elementor-vertical-align-top elementor-widget elementor-widget-image-box\" data-id=\"6c614e9\" data-element_type=\"widget\" data-widget_type=\"image-box.default\">\n\t\t\t\t<div class=\"elementor-widget-container\">\n\t\t\t<div class=\"elementor-image-box-wrapper\"><figure class=\"elementor-image-box-img\"><a href=\"https:\/\/www.legis.md\/cautare\/getResults?doc_id=112276\" target=\"_blank\"><img loading=\"lazy\" decoding=\"async\" width=\"640\" height=\"426\" src=\"https:\/\/bazaochi.md\/wp-content\/uploads\/2021\/07\/pexels-andrea-piacquadio-3771097.jpg\" class=\"elementor-animation-grow attachment-full size-full\" alt=\"\" \/><\/a><\/figure><div class=\"elementor-image-box-content\"><h3 class=\"elementor-image-box-title\"><a href=\"https:\/\/www.legis.md\/cautare\/getResults?doc_id=112276\" target=\"_blank\">COMPETEN\u021aA<\/a><\/h3><\/div><\/div>\t\t<\/div>\n\t\t\t\t<\/div>\n\t\t\t\t<div class=\"elementor-element elementor-element-1cb42e9 elementor-widget elementor-widget-text-editor\" data-id=\"1cb42e9\" data-element_type=\"widget\" data-widget_type=\"text-editor.default\">\n\t\t\t\t<div class=\"elementor-widget-container\">\n\t\t\t\t\t\t\t<p><strong><em>LEGE Nr. 246 din 15-11-2018<\/em><\/strong><\/p><p>Art.11<\/p><p><span style=\"color: #333333;\">Competen\u0163a notarului<\/span><\/p><p><span style=\"color: #333333;\">(1) Notarul \u00eentocme\u0219te \u0219i \u00eendepline\u0219te urm\u0103toarele acte \u015fi ac\u021biuni notariale:<\/span><\/p><p><span style=\"color: #333333;\">a) redactarea \u00eenscrisurilor cu con\u0163inut juridic, la solicitarea p\u0103r\u0163ilor;<\/span><\/p><p><span style=\"color: #333333;\">b) autentificarea \u00eenscrisurilor;<\/span><\/p><p><span style=\"color: #333333;\">c) procedura succesoral\u0103 notarial\u0103;<\/span><\/p><p><span style=\"color: #333333;\">d) eliberarea certificatului de mo\u015ftenitor;<\/span><\/p><p><span style=\"color: #333333;\">e) eliberarea certificatelor de proprietate;<\/span><\/p><p><span style=\"color: #333333;\">f) certificarea unor fapte, \u00een cazurile prev\u0103zute de lege;<\/span><\/p><p><span style=\"color: #333333;\">g) legalizarea semn\u0103turilor de pe documente;<\/span><\/p><p><span style=\"color: #333333;\">h) legalizarea semn\u0103turii traduc\u0103torului sau interpretului autorizat;<\/span><\/p><p><span style=\"color: #333333;\">i) actele de protest al cambiilor \u0219i al cecurilor;<\/span><\/p><p><span style=\"color: #333333;\">j) numirea, \u00een cazurile prev\u0103zute de lege, a custodelui sau a administratorului masei succesorale;<\/span><\/p><p><span style=\"color: #333333;\">k) legalizarea copiilor de pe documente \u015fi a extraselor din ele;<\/span><\/p><p><span style=\"color: #333333;\">l) efectuarea \u0219i certificarea traducerilor;<\/span><\/p><p><span style=\"color: #333333;\">m) transmiterea \u00eenscrisurilor persoanelor fizice \u015fi juridice altor persoane fizice \u015fi juridice \u015fi, dup\u0103 caz, eliberarea certificatului;<\/span><\/p><p><span style=\"color: #333333;\">n) primirea \u00een depozit a mijloacelor financiare, documentelor \u015fi instrumentelor financiare;<\/span><\/p><p><span style=\"color: #333333;\">o) somarea public\u0103 a creditorilor;<\/span><\/p><p><span style=\"color: #333333;\">p) asigurarea probelor;<\/span><\/p><p><span style=\"color: #333333;\">q) organizarea \u015fi desf\u0103\u0219urarea licita\u0163iilor, certificarea etapelor procedurale ale licita\u0163iilor sau ale rezultatelor acestora;<\/span><\/p><p><span style=\"color: #333333;\">r) desfacerea c\u0103s\u0103toriei prin acordul so\u0163ilor;<\/span><\/p><p><span style=\"color: #333333;\">s) eliberarea duplicatelor actelor notariale;<\/span><\/p><p><span style=\"color: #333333;\">t) medierea \u00een condi\u0163iile legii;<\/span><\/p><p><span style=\"color: #333333;\">u) \u00eenvestirea cu formul\u0103 executorie;<\/span><\/p><p><span style=\"color: #333333;\">v) orice alte acte \u015fi ac\u0163iuni prev\u0103zute de actele normative.<\/span><\/p>\t\t\t\t\t\t<\/div>\n\t\t\t\t<\/div>\n\t\t\t\t\t<\/div>\n\t\t<\/div>\n\t\t\t\t<div class=\"elementor-column elementor-col-33 elementor-inner-column elementor-element elementor-element-0be5db8\" data-id=\"0be5db8\" data-element_type=\"column\">\n\t\t\t<div class=\"elementor-widget-wrap elementor-element-populated\">\n\t\t\t\t\t\t\t\t<div class=\"elementor-element elementor-element-07c57a4 elementor-position-top elementor-vertical-align-top elementor-widget elementor-widget-image-box\" data-id=\"07c57a4\" data-element_type=\"widget\" data-widget_type=\"image-box.default\">\n\t\t\t\t<div class=\"elementor-widget-container\">\n\t\t\t<div class=\"elementor-image-box-wrapper\"><figure class=\"elementor-image-box-img\"><a href=\"https:\/\/www.legis.md\/cautare\/getResults?doc_id=113127\" target=\"_blank\"><img loading=\"lazy\" decoding=\"async\" width=\"1000\" height=\"667\" src=\"https:\/\/bazaochi.md\/wp-content\/uploads\/2021\/07\/successful-business-partners-discussing-contract.jpg\" class=\"elementor-animation-grow attachment-full size-full\" alt=\"\" \/><\/a><\/figure><div class=\"elementor-image-box-content\"><h3 class=\"elementor-image-box-title\"><a href=\"https:\/\/www.legis.md\/cautare\/getResults?doc_id=113127\" target=\"_blank\">TARIFE<\/a><\/h3><\/div><\/div>\t\t<\/div>\n\t\t\t\t<\/div>\n\t\t\t\t<div class=\"elementor-element elementor-element-03b67de elementor-widget elementor-widget-text-editor\" data-id=\"03b67de\" data-element_type=\"widget\" data-widget_type=\"text-editor.default\">\n\t\t\t\t<div class=\"elementor-widget-container\">\n\t\t\t\t\t\t\t<p><strong><em>LEGE Nr. 1453 din 08-11-2002<\/em><\/strong><\/p><p>Art.32<\/p><p><span style=\"color: #333333;\">(1) M\u0103rimea pl\u0103\u0163ii pentru serviciul notarial prestat se stabile\u015fte de notar \u015fi, de alt\u0103 persoan\u0103 care desf\u0103\u015foar\u0103 activitate notarial\u0103 de comun acord cu solicitantul \u00een conformitate cu metodologia aprobat\u0103 de Parlament.<\/span><\/p><p><span style=\"color: #333333;\">(2) Notarul stabile\u015fte de sine st\u0103t\u0103tor plata pentru serviciul notarial acordat persoanei.\u00a0<\/span><\/p><p>\u00a0<\/p><p><strong><em>LEGE Nr. 69 din 14-04-2016<\/em><\/strong><\/p><p>Art.38<\/p><p>Pentru actele \u015fi ac\u0163iunile \u00eendeplinite de notar se achit\u0103:<br \/>a) taxa de stat, \u00een cazurile prev\u0103zute de lege, care se face venit la bugetul de stat;<br \/>b) plata notarial\u0103, reprezent\u00eend remunerarea muncii notarului, a c\u0103rei m\u0103rime este stabilit\u0103 de lege;<br \/>c) plata pentru \u00eendeplinirea actelor notariale \u015fi spezele procedurilor notariale, constituind costul procedurii notariale, m\u0103rimile c\u0103rora se stabilesc de Guvern.<\/p><p>\u00a0<\/p><p><strong><em>LEGE Nr. 271<\/em> din 27-06-200<\/strong>3<\/p><p>Art.2 al.2<\/p><p>Pentru servicii notariale prestate se percepe plat\u0103 de comun acord cu solicitantul, \u0163in\u00eendu-se cont de prevederile prezentei legi. La determinarea cuantumului pl\u0103\u0163ii se \u0163ine cont de complexitatea actului notarial. Modific\u0103rile (majorare sau reducere) cuantumului pl\u0103\u0163ii se confirm\u0103 printr-un acord semnat de notarul public sau de o alt\u0103 persoan\u0103 abilitat\u0103 prin lege s\u0103 desf\u0103\u015foare activitate notarial\u0103 \u015fi solicitant, \u00een care se indic\u0103: m\u0103rimea pl\u0103\u0163ii stabilite prin lege, cauza modific\u0103rii ei \u015fi m\u0103rimea pl\u0103\u0163ii negociate. Acordul \u00eencheiat \u00een scris se anexeaz\u0103 la actul notarial \u00eendeplinit \u015fi se p\u0103streaz\u0103 \u00eempreun\u0103 cu acesta \u00een arhiva notarial\u0103.<\/p>\t\t\t\t\t\t<\/div>\n\t\t\t\t<\/div>\n\t\t\t\t\t<\/div>\n\t\t<\/div>\n\t\t\t\t<div class=\"elementor-column elementor-col-33 elementor-inner-column elementor-element elementor-element-b186c11\" data-id=\"b186c11\" data-element_type=\"column\">\n\t\t\t<div class=\"elementor-widget-wrap elementor-element-populated\">\n\t\t\t\t\t\t\t\t<div class=\"elementor-element elementor-element-4dd1be6 elementor-position-top elementor-vertical-align-top elementor-widget elementor-widget-image-box\" data-id=\"4dd1be6\" data-element_type=\"widget\" data-widget_type=\"image-box.default\">\n\t\t\t\t<div class=\"elementor-widget-container\">\n\t\t\t<div class=\"elementor-image-box-wrapper\"><figure class=\"elementor-image-box-img\"><a href=\"https:\/\/www.cadastru.md\/eservicii\/\" target=\"_blank\"><img loading=\"lazy\" decoding=\"async\" width=\"640\" height=\"426\" src=\"https:\/\/bazaochi.md\/wp-content\/uploads\/2021\/08\/architecture-1857175_640.jpg\" class=\"elementor-animation-grow attachment-full size-full\" alt=\"\" \/><\/a><\/figure><div class=\"elementor-image-box-content\"><h3 class=\"elementor-image-box-title\"><a href=\"https:\/\/www.cadastru.md\/eservicii\/\" target=\"_blank\">TARIFE ALE AGEN\u021aIEI SERVICII PUBLICE<\/a><\/h3><\/div><\/div>\t\t<\/div>\n\t\t\t\t<\/div>\n\t\t\t\t<div class=\"elementor-element elementor-element-39c5778 elementor-widget elementor-widget-text-editor\" data-id=\"39c5778\" data-element_type=\"widget\" data-widget_type=\"text-editor.default\">\n\t\t\t\t<div class=\"elementor-widget-container\">\n\t\t\t\t\t\t\t<p><em><strong>Serviciile DEPARTAMENTULUI CADASTRU pot fi comandate prin Internet.<br \/><br \/><\/strong><\/em><\/p><p><strong>&#8212; Extras din registrul<\/strong> <strong>bunurilor imobile.<\/strong><\/p><p>Eliberarea se efectueaz\u0103 \u00een termen de trei zile lucr\u0103toare.<\/p><p>Tarif: 130.00 lei\u00a0<\/p><p><em>Documentul se elibereaz\u0103 doar proprietarului, mo\u0219tenitorului sau reprezentantului cu procur\u0103.<br \/><br \/><\/em><\/p><p><strong>&#8212; Extras din capitolul supliment al registrului bunului imobil (valoarea bunului imobil).<\/strong><\/p><p>Eliberarea se efectueaz\u0103 \u00een termen de trei zile lucr\u0103toare.<\/p><p>Tarif: 120.00 lei<\/p><p><em>Documentul se elibereaz\u0103 solicitantului.<\/em><\/p><p>Extrasul din registrul bunurilor imobile reflect\u0103 informa\u0163ia din registru la momentul execut\u0103rii acestuia \u0219i este valabil timp de 2 luni din data eliber\u0103rii de c\u0103tre Serviciul cadastral teritorial. La eliberarea repetat\u0103 a extrasului din registrul bunurilor imobile \u00eenainte de expirarea termenului indicat, pe document se va indica men\u0163iunea \u201dRepetat\u201d, acesta av\u00e2nd acela\u015fi termen de valabilitate.<\/p><p><strong><a href=\"https:\/\/www.cadastru.md\/eservicii\/\" target=\"_blank\" rel=\"noopener\">Comand\u0103 prin internet<\/a><\/strong><\/p>\t\t\t\t\t\t<\/div>\n\t\t\t\t<\/div>\n\t\t\t\t\t<\/div>\n\t\t<\/div>\n\t\t\t\t\t\t\t<\/div>\n\t\t<\/section>\n\t\t\t\t\t<\/div>\n\t\t<\/div>\n\t\t\t\t\t\t\t<\/div>\n\t\t<\/section>\n\t\t\t\t\t\t<\/div>\n\t\t\t\t\t<\/div>\n\t\t","protected":false},"excerpt":{"rendered":"<p>Ac\u021biuni \u0219i tarife COMPETEN\u021aA LEGE Nr. 246 din 15-11-2018 Art.11 Competen\u0163a notarului (1) Notarul \u00eentocme\u0219te \u0219i \u00eendepline\u0219te urm\u0103toarele acte \u015fi ac\u021biuni notariale: a) redactarea \u00eenscrisurilor cu con\u0163inut juridic, la solicitarea p\u0103r\u0163ilor; b) autentificarea \u00eenscrisurilor; c) procedura succesoral\u0103 notarial\u0103; d) eliberarea certificatului de mo\u015ftenitor; e) eliberarea certificatelor de proprietate; f) certificarea unor fapte, \u00een cazurile prev\u0103zute &hellip; <\/p>\n<p class=\"link-more\"><a href=\"https:\/\/bazaochi.md\/?page_id=1593\" class=\"more-link\">\u0427\u0438\u0442\u0430\u0442\u044c \u0434\u0430\u043b\u0435\u0435<span class=\"screen-reader-text\"> \u00abActiuni si tarife\u00bb<\/span><\/a><\/p>\n","protected":false},"author":1,"featured_media":0,"parent":0,"menu_order":0,"comment_status":"closed","ping_status":"closed","template":"elementor_header_footer","meta":{"footnotes":""},"class_list":["post-1593","page","type-page","status-publish","hentry","entry"],"_links":{"self":[{"href":"https:\/\/bazaochi.md\/index.php?rest_route=\/wp\/v2\/pages\/1593","targetHints":{"allow":["GET"]}}],"collection":[{"href":"https:\/\/bazaochi.md\/index.php?rest_route=\/wp\/v2\/pages"}],"about":[{"href":"https:\/\/bazaochi.md\/index.php?rest_route=\/wp\/v2\/types\/page"}],"author":[{"embeddable":true,"href":"https:\/\/bazaochi.md\/index.php?rest_route=\/wp\/v2\/users\/1"}],"replies":[{"embeddable":true,"href":"https:\/\/bazaochi.md\/index.php?rest_route=%2Fwp%2Fv2%2Fcomments&post=1593"}],"version-history":[{"count":72,"href":"https:\/\/bazaochi.md\/index.php?rest_route=\/wp\/v2\/pages\/1593\/revisions"}],"predecessor-version":[{"id":2747,"href":"https:\/\/bazaochi.md\/index.php?rest_route=\/wp\/v2\/pages\/1593\/revisions\/2747"}],"wp:attachment":[{"href":"https:\/\/bazaochi.md\/index.php?rest_route=%2Fwp%2Fv2%2Fmedia&parent=1593"}],"curies":[{"name":"wp","href":"https:\/\/api.w.org\/{rel}","templated":true}]}}