{"id":1637,"date":"2021-07-29T11:39:22","date_gmt":"2021-07-29T08:39:22","guid":{"rendered":"https:\/\/bazaochi.md\/?page_id=1637"},"modified":"2025-12-11T16:32:40","modified_gmt":"2025-12-11T14:32:40","slug":"despre","status":"publish","type":"page","link":"https:\/\/bazaochi.md\/?page_id=1637","title":{"rendered":"Echipa"},"content":{"rendered":"\t\t<div data-elementor-type=\"wp-page\" data-elementor-id=\"1637\" class=\"elementor elementor-1637\" data-elementor-settings=\"[]\">\n\t\t\t\t\t\t\t<div class=\"elementor-section-wrap\">\n\t\t\t\t\t\t\t<section class=\"elementor-section elementor-top-section elementor-element elementor-element-1775f83 elementor-section-stretched elementor-section-boxed elementor-section-height-default elementor-section-height-default\" data-id=\"1775f83\" data-element_type=\"section\" data-settings=\"{&quot;background_background&quot;:&quot;classic&quot;,&quot;stretch_section&quot;:&quot;section-stretched&quot;}\">\n\t\t\t\t\t\t<div class=\"elementor-container elementor-column-gap-wide\">\n\t\t\t\t\t<div class=\"elementor-column elementor-col-100 elementor-top-column elementor-element elementor-element-9676c6a\" data-id=\"9676c6a\" data-element_type=\"column\">\n\t\t\t<div class=\"elementor-widget-wrap elementor-element-populated\">\n\t\t\t\t\t\t\t\t<div class=\"elementor-element elementor-element-b285786 elementor-widget-divider--view-line elementor-widget elementor-widget-divider\" data-id=\"b285786\" data-element_type=\"widget\" data-widget_type=\"divider.default\">\n\t\t\t\t<div class=\"elementor-widget-container\">\n\t\t\t\t\t<div class=\"elementor-divider\">\n\t\t\t<span class=\"elementor-divider-separator\">\n\t\t\t\t\t\t<\/span>\n\t\t<\/div>\n\t\t\t\t<\/div>\n\t\t\t\t<\/div>\n\t\t\t\t<div class=\"elementor-element elementor-element-5b12cbf elementor-widget elementor-widget-heading\" data-id=\"5b12cbf\" data-element_type=\"widget\" data-widget_type=\"heading.default\">\n\t\t\t\t<div class=\"elementor-widget-container\">\n\t\t\t<p class=\"elementor-heading-title elementor-size-default\">ECHIPA<\/p>\t\t<\/div>\n\t\t\t\t<\/div>\n\t\t\t\t<div class=\"elementor-element elementor-element-2925d049 elementor-widget elementor-widget-spacer\" data-id=\"2925d049\" data-element_type=\"widget\" data-widget_type=\"spacer.default\">\n\t\t\t\t<div class=\"elementor-widget-container\">\n\t\t\t\t\t<div class=\"elementor-spacer\">\n\t\t\t<div class=\"elementor-spacer-inner\"><\/div>\n\t\t<\/div>\n\t\t\t\t<\/div>\n\t\t\t\t<\/div>\n\t\t\t\t<section class=\"elementor-section elementor-inner-section elementor-element elementor-element-6875235f elementor-section-content-top elementor-reverse-mobile elementor-section-boxed elementor-section-height-default elementor-section-height-default\" data-id=\"6875235f\" data-element_type=\"section\">\n\t\t\t\t\t\t<div class=\"elementor-container elementor-column-gap-default\">\n\t\t\t\t\t<div class=\"elementor-column elementor-col-50 elementor-inner-column elementor-element elementor-element-3e0ad64d\" data-id=\"3e0ad64d\" data-element_type=\"column\" data-settings=\"{&quot;background_background&quot;:&quot;classic&quot;}\">\n\t\t\t<div class=\"elementor-widget-wrap elementor-element-populated\">\n\t\t\t\t\t\t\t\t<div class=\"elementor-element elementor-element-4271b1c6 elementor-widget elementor-widget-heading\" data-id=\"4271b1c6\" data-element_type=\"widget\" data-widget_type=\"heading.default\">\n\t\t\t\t<div class=\"elementor-widget-container\">\n\t\t\t<h3 class=\"elementor-heading-title elementor-size-default\">ANDREI BAZAOCHI<\/h3>\t\t<\/div>\n\t\t\t\t<\/div>\n\t\t\t\t<div class=\"elementor-element elementor-element-3b0fa195 elementor-widget elementor-widget-heading\" data-id=\"3b0fa195\" data-element_type=\"widget\" data-widget_type=\"heading.default\">\n\t\t\t\t<div class=\"elementor-widget-container\">\n\t\t\t<p class=\"elementor-heading-title elementor-size-default\">Notar<\/p>\t\t<\/div>\n\t\t\t\t<\/div>\n\t\t\t\t<div class=\"elementor-element elementor-element-2376c4b elementor-widget elementor-widget-text-editor\" data-id=\"2376c4b\" data-element_type=\"widget\" data-widget_type=\"text-editor.default\">\n\t\t\t\t<div class=\"elementor-widget-container\">\n\t\t\t\t\t\t\t<p data-start=\"0\" data-end=\"166\">Biroul <strong>Notarului Andrei Bazaochi<\/strong> V\u0103 ofer\u0103 servicii notariale de excelen\u021b\u0103, construite pe funda\u021bia solid\u0103 a experien\u021bei, integrit\u0103\u021bii \u0219i respectului fa\u021b\u0103 de clien\u021bi.<\/p><p data-start=\"168\" data-end=\"378\">Fie c\u0103 ave\u021bi nevoie de autentificarea unui contract, redactarea unui act juridic sau consultan\u021b\u0103 notarial\u0103, echipa noastr\u0103 V\u0103 st\u0103 la dispozi\u021bie cu solu\u021bii rapide, eficiente \u0219i adaptate nevoilor dumneavoastr\u0103.<\/p><p data-start=\"380\" data-end=\"725\">Cu o vast\u0103 experien\u021b\u0103 \u00een domeniul juridic \u0219i o expertiz\u0103 aprofundat\u0103 \u00een drept civil, <strong>Notarul BAZAOCHI<\/strong> <strong>Andrei <\/strong>gestioneaz\u0103 fiecare act cu profesionalism \u0219i aten\u021bie la detalii. De-a lungul anilor, a contribuit la finalizarea cu succes a numeroase tranzac\u021bii, oferind siguran\u021b\u0103 juridic\u0103 \u0219i consiliere strategic\u0103 pentru persoane fizice \u0219i juridice.<\/p>\t\t\t\t\t\t<\/div>\n\t\t\t\t<\/div>\n\t\t\t\t<div class=\"elementor-element elementor-element-ee53a4b elementor-widget elementor-widget-text-editor\" data-id=\"ee53a4b\" data-element_type=\"widget\" data-widget_type=\"text-editor.default\">\n\t\t\t\t<div class=\"elementor-widget-container\">\n\t\t\t\t\t\t\t<ul><li dir=\"ltr\" data-placeholder=\"Translation\"><strong data-start=\"407\" data-end=\"439\">Profesionalism \u0219i experien\u021b\u0103<\/strong> \u2013 Oferim solu\u021bii juridice adaptate fiec\u0103rui client.<\/li><li dir=\"ltr\" data-placeholder=\"Translation\"><strong data-start=\"497\" data-end=\"530\">Promptitudine \u0219i transparen\u021b\u0103<\/strong> \u2013 Ne asigur\u0103m c\u0103 fiecare act este \u00eentocmit clar \u0219i corect.<\/li><li dir=\"ltr\" data-placeholder=\"Translation\"><strong data-start=\"595\" data-end=\"626\">Confiden\u021bialitate garantat\u0103<\/strong> \u2013 Datele \u0219i documentele tale sunt \u00een siguran\u021b\u0103.<\/li><\/ul>\t\t\t\t\t\t<\/div>\n\t\t\t\t<\/div>\n\t\t\t\t<div class=\"elementor-element elementor-element-f9a9992 elementor-widget elementor-widget-text-editor\" data-id=\"f9a9992\" data-element_type=\"widget\" data-widget_type=\"text-editor.default\">\n\t\t\t\t<div class=\"elementor-widget-container\">\n\t\t\t\t\t\t\t<p data-start=\"70\" data-end=\"241\"><strong data-start=\"70\" data-end=\"239\">\u201eNotarul nu este judec\u0103tor \u0219i nici avocat; el nu ap\u0103r\u0103 \u0219i nu acuz\u0103, ci vegheaz\u0103 ca balan\u021ba drept\u0103\u021bii s\u0103 r\u0103m\u00e2n\u0103 dreapt\u0103, f\u0103r\u0103 a se \u00eenclina \u00een favoarea vreunei p\u0103r\u021bi.\u201d<\/strong><\/p>\t\t\t\t\t\t<\/div>\n\t\t\t\t<\/div>\n\t\t\t\t\t<\/div>\n\t\t<\/div>\n\t\t\t\t<div class=\"elementor-column elementor-col-50 elementor-inner-column elementor-element elementor-element-5fa0e903\" data-id=\"5fa0e903\" data-element_type=\"column\">\n\t\t\t<div class=\"elementor-widget-wrap elementor-element-populated\">\n\t\t\t\t\t\t\t\t<div class=\"elementor-element elementor-element-5ae74f4f elementor-widget elementor-widget-image\" data-id=\"5ae74f4f\" data-element_type=\"widget\" data-widget_type=\"image.default\">\n\t\t\t\t<div class=\"elementor-widget-container\">\n\t\t\t\t\t\t\t\t\t\t\t\t\t\t\t<img decoding=\"async\" src=\"https:\/\/bazaochi.md\/wp-content\/uploads\/elementor\/thumbs\/bazaok-patm306yug8lzj9ips59stc3mezumtrnpa9gbv6gqo.jpg\" title=\"bazaok\" alt=\"bazaok\" class=\"elementor-animation-grow\" \/>\t\t\t\t\t\t\t\t\t\t\t\t\t\t\t<\/div>\n\t\t\t\t<\/div>\n\t\t\t\t\t<\/div>\n\t\t<\/div>\n\t\t\t\t\t\t\t<\/div>\n\t\t<\/section>\n\t\t\t\t<section class=\"elementor-section elementor-inner-section elementor-element elementor-element-991abbd elementor-section-content-top elementor-reverse-mobile elementor-section-boxed elementor-section-height-default elementor-section-height-default\" data-id=\"991abbd\" data-element_type=\"section\">\n\t\t\t\t\t\t<div class=\"elementor-container elementor-column-gap-default\">\n\t\t\t\t\t<div class=\"elementor-column elementor-col-100 elementor-inner-column elementor-element elementor-element-bb63fb1\" data-id=\"bb63fb1\" data-element_type=\"column\">\n\t\t\t<div class=\"elementor-widget-wrap elementor-element-populated\">\n\t\t\t\t\t\t\t\t<div class=\"elementor-element elementor-element-ce0521d elementor-widget-divider--view-line elementor-widget elementor-widget-divider\" data-id=\"ce0521d\" data-element_type=\"widget\" data-widget_type=\"divider.default\">\n\t\t\t\t<div class=\"elementor-widget-container\">\n\t\t\t\t\t<div class=\"elementor-divider\">\n\t\t\t<span class=\"elementor-divider-separator\">\n\t\t\t\t\t\t<\/span>\n\t\t<\/div>\n\t\t\t\t<\/div>\n\t\t\t\t<\/div>\n\t\t\t\t\t<\/div>\n\t\t<\/div>\n\t\t\t\t\t\t\t<\/div>\n\t\t<\/section>\n\t\t\t\t<section class=\"elementor-section elementor-inner-section elementor-element elementor-element-3e0646b elementor-section-content-top elementor-reverse-mobile elementor-section-boxed elementor-section-height-default elementor-section-height-default\" data-id=\"3e0646b\" data-element_type=\"section\">\n\t\t\t\t\t\t<div class=\"elementor-container elementor-column-gap-default\">\n\t\t\t\t\t<div class=\"elementor-column elementor-col-100 elementor-inner-column elementor-element elementor-element-1aebf96\" data-id=\"1aebf96\" data-element_type=\"column\">\n\t\t\t<div class=\"elementor-widget-wrap\">\n\t\t\t\t\t\t\t\t\t<\/div>\n\t\t<\/div>\n\t\t\t\t\t\t\t<\/div>\n\t\t<\/section>\n\t\t\t\t<section class=\"elementor-section elementor-inner-section elementor-element elementor-element-a464aef elementor-section-content-top elementor-reverse-mobile elementor-section-boxed elementor-section-height-default elementor-section-height-default\" data-id=\"a464aef\" data-element_type=\"section\">\n\t\t\t\t\t\t<div class=\"elementor-container elementor-column-gap-default\">\n\t\t\t\t\t<div class=\"elementor-column elementor-col-100 elementor-inner-column elementor-element elementor-element-be98ddd\" data-id=\"be98ddd\" data-element_type=\"column\">\n\t\t\t<div class=\"elementor-widget-wrap\">\n\t\t\t\t\t\t\t\t\t<\/div>\n\t\t<\/div>\n\t\t\t\t\t\t\t<\/div>\n\t\t<\/section>\n\t\t\t\t<section class=\"elementor-section elementor-inner-section elementor-element elementor-element-17a1b00 elementor-section-content-top elementor-reverse-mobile elementor-section-boxed elementor-section-height-default elementor-section-height-default\" data-id=\"17a1b00\" data-element_type=\"section\">\n\t\t\t\t\t\t<div class=\"elementor-container elementor-column-gap-default\">\n\t\t\t\t\t<div class=\"elementor-column elementor-col-50 elementor-inner-column elementor-element elementor-element-b398194\" data-id=\"b398194\" data-element_type=\"column\" data-settings=\"{&quot;background_background&quot;:&quot;classic&quot;}\">\n\t\t\t<div class=\"elementor-widget-wrap elementor-element-populated\">\n\t\t\t\t\t\t\t\t<div class=\"elementor-element elementor-element-7ceeec4 elementor-widget elementor-widget-heading\" data-id=\"7ceeec4\" data-element_type=\"widget\" data-widget_type=\"heading.default\">\n\t\t\t\t<div class=\"elementor-widget-container\">\n\t\t\t<h3 class=\"elementor-heading-title elementor-size-default\">SECRIERU ECATERINA<\/h3>\t\t<\/div>\n\t\t\t\t<\/div>\n\t\t\t\t<div class=\"elementor-element elementor-element-d252795 elementor-widget elementor-widget-text-editor\" data-id=\"d252795\" data-element_type=\"widget\" data-widget_type=\"text-editor.default\">\n\t\t\t\t<div class=\"elementor-widget-container\">\n\t\t\t\t\t\t\t<p>ASISTENT\u0102<\/p>\t\t\t\t\t\t<\/div>\n\t\t\t\t<\/div>\n\t\t\t\t<div class=\"elementor-element elementor-element-3121b49 elementor-widget elementor-widget-text-editor\" data-id=\"3121b49\" data-element_type=\"widget\" data-widget_type=\"text-editor.default\">\n\t\t\t\t<div class=\"elementor-widget-container\">\n\t\t\t\t\t\t\t<p><b>SECRIERU Ecaterina<\/b>\u00a0face parte din echipa noastr\u0103, aduc\u00e2nd cu sine o preg\u0103tire juridic\u0103 temeinic\u0103 \u0219i o abordare riguroas\u0103 a fiec\u0103rui dosar. <br \/>Este atent\u0103 la detalii, bine organizat\u0103 \u0219i dedicat\u0103 \u00eendeplinirii sarcinilor cu responsabilitate. <br \/>Cuno\u0219tin\u021bele sale din domeniul dreptului, combinate cu o comunicare clar\u0103 \u0219i respectuoas\u0103 cu clien\u021bii, o recomand\u0103 ca un sprijin de \u00eencredere \u00een activitatea notarial\u0103 zilnic\u0103. <br \/>Particip\u0103 activ la redactarea actelor, verificarea documenta\u021biei \u0219i asigurarea unei bune desf\u0103\u0219ur\u0103ri a procedurilor notariale.<\/p>\t\t\t\t\t\t<\/div>\n\t\t\t\t<\/div>\n\t\t\t\t\t<\/div>\n\t\t<\/div>\n\t\t\t\t<div class=\"elementor-column elementor-col-50 elementor-inner-column elementor-element elementor-element-9e7d329\" data-id=\"9e7d329\" data-element_type=\"column\">\n\t\t\t<div class=\"elementor-widget-wrap elementor-element-populated\">\n\t\t\t\t\t\t\t\t<div class=\"elementor-element elementor-element-a01375b elementor-widget elementor-widget-image\" data-id=\"a01375b\" data-element_type=\"widget\" data-widget_type=\"image.default\">\n\t\t\t\t<div class=\"elementor-widget-container\">\n\t\t\t\t\t\t\t\t\t\t\t\t\t\t\t<img decoding=\"async\" src=\"https:\/\/bazaochi.md\/wp-content\/uploads\/elementor\/thumbs\/image-rfwnic0ntgz98z1ry5kuhcktw665n58uumuajuy1c0.png\" title=\"image\" alt=\"image\" class=\"elementor-animation-grow\" \/>\t\t\t\t\t\t\t\t\t\t\t\t\t\t\t<\/div>\n\t\t\t\t<\/div>\n\t\t\t\t\t<\/div>\n\t\t<\/div>\n\t\t\t\t\t\t\t<\/div>\n\t\t<\/section>\n\t\t\t\t<section class=\"elementor-section elementor-inner-section elementor-element elementor-element-e020120 elementor-section-content-top elementor-reverse-mobile elementor-section-boxed elementor-section-height-default elementor-section-height-default\" data-id=\"e020120\" data-element_type=\"section\">\n\t\t\t\t\t\t<div class=\"elementor-container elementor-column-gap-default\">\n\t\t\t\t\t<div class=\"elementor-column elementor-col-50 elementor-inner-column elementor-element elementor-element-8e98236\" data-id=\"8e98236\" data-element_type=\"column\" data-settings=\"{&quot;background_background&quot;:&quot;classic&quot;}\">\n\t\t\t<div class=\"elementor-widget-wrap elementor-element-populated\">\n\t\t\t\t\t\t\t\t<div class=\"elementor-element elementor-element-d2eb1e8 elementor-widget-divider--view-line elementor-widget elementor-widget-divider\" data-id=\"d2eb1e8\" data-element_type=\"widget\" data-widget_type=\"divider.default\">\n\t\t\t\t<div class=\"elementor-widget-container\">\n\t\t\t\t\t<div class=\"elementor-divider\">\n\t\t\t<span class=\"elementor-divider-separator\">\n\t\t\t\t\t\t<\/span>\n\t\t<\/div>\n\t\t\t\t<\/div>\n\t\t\t\t<\/div>\n\t\t\t\t<div class=\"elementor-element elementor-element-ea8846c elementor-widget elementor-widget-image\" data-id=\"ea8846c\" data-element_type=\"widget\" data-widget_type=\"image.default\">\n\t\t\t\t<div class=\"elementor-widget-container\">\n\t\t\t\t\t\t\t\t\t\t\t\t\t\t\t<img decoding=\"async\" src=\"https:\/\/bazaochi.md\/wp-content\/uploads\/elementor\/thumbs\/oficiu2-r2uh3y9v168skeh673lmcsnabcn3w2gvm9mzz0twe8.jpg\" title=\"oficiu2\" alt=\"oficiu2\" class=\"elementor-animation-grow\" \/>\t\t\t\t\t\t\t\t\t\t\t\t\t\t\t<\/div>\n\t\t\t\t<\/div>\n\t\t\t\t\t<\/div>\n\t\t<\/div>\n\t\t\t\t<div class=\"elementor-column elementor-col-50 elementor-inner-column elementor-element elementor-element-57eb1b5\" data-id=\"57eb1b5\" data-element_type=\"column\">\n\t\t\t<div class=\"elementor-widget-wrap elementor-element-populated\">\n\t\t\t\t\t\t\t\t<div class=\"elementor-element elementor-element-89c98f4 elementor-widget-divider--view-line elementor-widget elementor-widget-divider\" data-id=\"89c98f4\" data-element_type=\"widget\" data-widget_type=\"divider.default\">\n\t\t\t\t<div class=\"elementor-widget-container\">\n\t\t\t\t\t<div class=\"elementor-divider\">\n\t\t\t<span class=\"elementor-divider-separator\">\n\t\t\t\t\t\t<\/span>\n\t\t<\/div>\n\t\t\t\t<\/div>\n\t\t\t\t<\/div>\n\t\t\t\t<div class=\"elementor-element elementor-element-ab2a103 elementor-widget elementor-widget-heading\" data-id=\"ab2a103\" data-element_type=\"widget\" data-widget_type=\"heading.default\">\n\t\t\t\t<div class=\"elementor-widget-container\">\n\t\t\t<h3 class=\"elementor-heading-title elementor-size-default\">CUM DEVII ASISTENT NOTARIAL<\/h3>\t\t<\/div>\n\t\t\t\t<\/div>\n\t\t\t\t<div class=\"elementor-element elementor-element-e40faae elementor-widget elementor-widget-text-editor\" data-id=\"e40faae\" data-element_type=\"widget\" data-widget_type=\"text-editor.default\">\n\t\t\t\t<div class=\"elementor-widget-container\">\n\t\t\t\t\t\t\t<p>Fiecare birou notarial func\u021bioneaz\u0103 cu o echip\u0103 profesionist\u0103, pasionat\u0103 de munca pe care o face, centrat\u0103 pe \u00eendeplinirea corect\u0103 \u0219i rapid\u0103 a sarcinilor.\u00a0<\/p><p>Activitatea \u00eentr-un birou notarial presupune s\u0103 ai cuno\u0219tin\u021be foarte bune de Word \u015fi Excel, s\u0103 fii organizat \u0219i atent la detalii, capabil s\u0103 \u00ee\u021bi asumi responsabilit\u0103\u021bi \u0219i s\u0103 respec\u021bi termenele limit\u0103, dispus s\u0103 lucrezi \u00een echip\u0103 \u0219i preocupat de dezvoltare.<\/p><p>Dac\u0103 e\u0219ti interesat s\u0103 urmezi o carier\u0103 \u00eentr-un birou notarial, te rug\u0103m s\u0103 ne expediezi CV-ul \u0219i o scrisoare de inten\u021bie. Vom p\u0103stra solicitarea ta \u0219i, \u00een cazul \u00een care \u00een birou notarial apare un loc liber, vei fi contactat.<\/p><p>Informa\u021biile pe care le expediezi sunt private \u0219i confiden\u021biale.<\/p><p><b>Contact: <\/b><br \/><a href=\"mailto:bazaochi@gmail.com\">bazaochi@gmail.com<\/a><br \/><a href=\"mailto:notar@bazaochi.md\">notar@bazaochi.md<\/a><\/p>\t\t\t\t\t\t<\/div>\n\t\t\t\t<\/div>\n\t\t\t\t\t<\/div>\n\t\t<\/div>\n\t\t\t\t\t\t\t<\/div>\n\t\t<\/section>\n\t\t\t\t\t<\/div>\n\t\t<\/div>\n\t\t\t\t\t\t\t<\/div>\n\t\t<\/section>\n\t\t\t\t\t\t<\/div>\n\t\t\t\t\t<\/div>\n\t\t","protected":false},"excerpt":{"rendered":"<p>ECHIPA ANDREI BAZAOCHI Notar Biroul Notarului Andrei Bazaochi V\u0103 ofer\u0103 servicii notariale de excelen\u021b\u0103, construite pe funda\u021bia solid\u0103 a experien\u021bei, integrit\u0103\u021bii \u0219i respectului fa\u021b\u0103 de clien\u021bi. Fie c\u0103 ave\u021bi nevoie de autentificarea unui contract, redactarea unui act juridic sau consultan\u021b\u0103 notarial\u0103, echipa noastr\u0103 V\u0103 st\u0103 la dispozi\u021bie cu solu\u021bii rapide, eficiente \u0219i adaptate nevoilor dumneavoastr\u0103. &hellip; <\/p>\n<p class=\"link-more\"><a href=\"https:\/\/bazaochi.md\/?page_id=1637\" class=\"more-link\">\u0427\u0438\u0442\u0430\u0442\u044c \u0434\u0430\u043b\u0435\u0435<span class=\"screen-reader-text\"> \u00abEchipa\u00bb<\/span><\/a><\/p>\n","protected":false},"author":1,"featured_media":0,"parent":0,"menu_order":0,"comment_status":"closed","ping_status":"closed","template":"elementor_header_footer","meta":{"footnotes":""},"class_list":["post-1637","page","type-page","status-publish","hentry","entry"],"_links":{"self":[{"href":"https:\/\/bazaochi.md\/index.php?rest_route=\/wp\/v2\/pages\/1637","targetHints":{"allow":["GET"]}}],"collection":[{"href":"https:\/\/bazaochi.md\/index.php?rest_route=\/wp\/v2\/pages"}],"about":[{"href":"https:\/\/bazaochi.md\/index.php?rest_route=\/wp\/v2\/types\/page"}],"author":[{"embeddable":true,"href":"https:\/\/bazaochi.md\/index.php?rest_route=\/wp\/v2\/users\/1"}],"replies":[{"embeddable":true,"href":"https:\/\/bazaochi.md\/index.php?rest_route=%2Fwp%2Fv2%2Fcomments&post=1637"}],"version-history":[{"count":139,"href":"https:\/\/bazaochi.md\/index.php?rest_route=\/wp\/v2\/pages\/1637\/revisions"}],"predecessor-version":[{"id":3165,"href":"https:\/\/bazaochi.md\/index.php?rest_route=\/wp\/v2\/pages\/1637\/revisions\/3165"}],"wp:attachment":[{"href":"https:\/\/bazaochi.md\/index.php?rest_route=%2Fwp%2Fv2%2Fmedia&parent=1637"}],"curies":[{"name":"wp","href":"https:\/\/api.w.org\/{rel}","templated":true}]}}