{"id":2329,"date":"2021-08-02T14:49:46","date_gmt":"2021-08-02T11:49:46","guid":{"rendered":"https:\/\/bazaochi.md\/?page_id=2329"},"modified":"2021-08-02T15:26:36","modified_gmt":"2021-08-02T12:26:36","slug":"anuntiru","status":"publish","type":"page","link":"https:\/\/bazaochi.md\/?page_id=2329&lang=ru","title":{"rendered":"\u041e\u0431\u044a\u044f\u0432\u043b\u0435\u043d\u0438\u044f"},"content":{"rendered":"\t\t<div data-elementor-type=\"wp-page\" data-elementor-id=\"2329\" class=\"elementor elementor-2329\" data-elementor-settings=\"[]\">\n\t\t\t\t\t\t\t<div class=\"elementor-section-wrap\">\n\t\t\t\t\t\t\t<section class=\"elementor-section elementor-top-section elementor-element elementor-element-2f88f46 elementor-section-stretched elementor-section-boxed elementor-section-height-default elementor-section-height-default\" data-id=\"2f88f46\" data-element_type=\"section\" data-settings=\"{&quot;background_background&quot;:&quot;gradient&quot;,&quot;stretch_section&quot;:&quot;section-stretched&quot;}\">\n\t\t\t\t\t\t<div class=\"elementor-container elementor-column-gap-wide\">\n\t\t\t\t\t<div class=\"elementor-column elementor-col-100 elementor-top-column elementor-element elementor-element-cfacec1\" data-id=\"cfacec1\" data-element_type=\"column\">\n\t\t\t<div class=\"elementor-widget-wrap elementor-element-populated\">\n\t\t\t\t\t\t\t\t<div class=\"elementor-element elementor-element-043529c elementor-widget-divider--view-line elementor-widget elementor-widget-divider\" data-id=\"043529c\" data-element_type=\"widget\" data-widget_type=\"divider.default\">\n\t\t\t\t<div class=\"elementor-widget-container\">\n\t\t\t\t\t<div class=\"elementor-divider\">\n\t\t\t<span class=\"elementor-divider-separator\">\n\t\t\t\t\t\t<\/span>\n\t\t<\/div>\n\t\t\t\t<\/div>\n\t\t\t\t<\/div>\n\t\t\t\t<div class=\"elementor-element elementor-element-5e60332 elementor-widget elementor-widget-heading\" data-id=\"5e60332\" data-element_type=\"widget\" data-widget_type=\"heading.default\">\n\t\t\t\t<div class=\"elementor-widget-container\">\n\t\t\t<p class=\"elementor-heading-title elementor-size-default\">\u041e\u0431\u044a\u044f\u0432\u043b\u0435\u043d\u0438\u044f<\/p>\t\t<\/div>\n\t\t\t\t<\/div>\n\t\t\t\t<div class=\"elementor-element elementor-element-9a6bea0 elementor-posts--thumbnail-none elementor-grid-3 elementor-grid-tablet-2 elementor-grid-mobile-1 elementor-card-shadow-yes elementor-posts__hover-gradient elementor-widget elementor-widget-posts\" data-id=\"9a6bea0\" data-element_type=\"widget\" data-settings=\"{&quot;cards_columns&quot;:&quot;3&quot;,&quot;cards_columns_tablet&quot;:&quot;2&quot;,&quot;cards_columns_mobile&quot;:&quot;1&quot;,&quot;cards_row_gap&quot;:{&quot;unit&quot;:&quot;px&quot;,&quot;size&quot;:35,&quot;sizes&quot;:[]}}\" data-widget_type=\"posts.cards\">\n\t\t\t\t<div class=\"elementor-widget-container\">\n\t\t\t\t\t<div class=\"elementor-posts-container elementor-posts elementor-posts--skin-cards elementor-grid\">\n\t\t\t\t<article class=\"elementor-post elementor-grid-item post-3140 post type-post status-publish format-standard hentry category-anunti entry\">\n\t\t\t<div class=\"elementor-post__card\">\n\t\t\t\t<div class=\"elementor-post__text\">\n\t\t\t\t<span class=\"elementor-post__title\">\n\t\t\t<a href=\"https:\/\/bazaochi.md\/?p=3140\" >\n\t\t\t\tSistarea activit\u0103\u021bii notarului BAZAOCHI Andrei \u00een leg\u0103tur\u0103 cu plecarea \u00een concediu anual\t\t\t<\/a>\n\t\t<\/span>\n\t\t\t\t<div class=\"elementor-post__excerpt\">\n\t\t\t<p>Prin prezenta, \u00een conformitate cu\u00a0art. 40 alin. (2)\u00a0a\u00a0Legii nr. 69\u00a0din\u00a014.04.2016\u00a0cu privire la organizarea activit\u0103\u021bii notarilor, V\u0103 informez c\u0103 \u00een perioada\u00a015 iulie 2025\u00a0\u2013\u00a031 iulie 2025 notarul\u00a0BAZAOCHI<\/p>\n\t\t<\/div>\n\t\t\t\t<\/div>\n\t\t\t\t<div class=\"elementor-post__meta-data\">\n\t\t\t\t\t<span class=\"elementor-post-date\">\n\t\t\t10 \u0438\u044e\u043b\u044f, 2025\t\t<\/span>\n\t\t\t\t<\/div>\n\t\t\t\t\t<\/div>\n\t\t<\/article>\n\t\t\t\t<article class=\"elementor-post elementor-grid-item post-2975 post type-post status-publish format-standard hentry category-anunti entry\">\n\t\t\t<div class=\"elementor-post__card\">\n\t\t\t\t<div class=\"elementor-post__text\">\n\t\t\t\t<span class=\"elementor-post__title\">\n\t\t\t<a href=\"https:\/\/bazaochi.md\/?p=2975\" >\n\t\t\t\tSistarea activit\u0103\u021bii notarului BAZAOCHI Andrei \u00een leg\u0103tur\u0103 cu plecarea \u00een concediu anual\t\t\t<\/a>\n\t\t<\/span>\n\t\t\t\t<div class=\"elementor-post__excerpt\">\n\t\t\t<p>Prin prezenta, \u00een conformitate cu art. 40 alin. (2) a Legii nr. 69\u00a0din 14.04.2016 cu privire la organizarea activit\u0103\u021bii notarilor, V\u0103 informez c\u0103 \u00een perioada<\/p>\n\t\t<\/div>\n\t\t\t\t<\/div>\n\t\t\t\t<div class=\"elementor-post__meta-data\">\n\t\t\t\t\t<span class=\"elementor-post-date\">\n\t\t\t12 \u0441\u0435\u043d\u0442\u044f\u0431\u0440\u044f, 2023\t\t<\/span>\n\t\t\t\t<\/div>\n\t\t\t\t\t<\/div>\n\t\t<\/article>\n\t\t\t\t<article class=\"elementor-post elementor-grid-item post-2972 post type-post status-publish format-standard hentry category-anunti entry\">\n\t\t\t<div class=\"elementor-post__card\">\n\t\t\t\t<div class=\"elementor-post__text\">\n\t\t\t\t<span class=\"elementor-post__title\">\n\t\t\t<a href=\"https:\/\/bazaochi.md\/?p=2972\" >\n\t\t\t\tSistarea activit\u0103\u021bii notarului BAZAOCHI Andrei \u00een leg\u0103tur\u0103 cu plecarea \u00een concediu anual\t\t\t<\/a>\n\t\t<\/span>\n\t\t\t\t<div class=\"elementor-post__excerpt\">\n\t\t\t<p>Prin prezenta, \u00een conformitate cu art. 40 alin. (2) a Legii nr. 69\u00a0din 14.04.2016 cu privire la organizarea activit\u0103\u021bii notarilor, V\u0103 informez c\u0103 \u00een perioada<\/p>\n\t\t<\/div>\n\t\t\t\t<\/div>\n\t\t\t\t<div class=\"elementor-post__meta-data\">\n\t\t\t\t\t<span class=\"elementor-post-date\">\n\t\t\t22 \u0438\u044e\u043d\u044f, 2023\t\t<\/span>\n\t\t\t\t<\/div>\n\t\t\t\t\t<\/div>\n\t\t<\/article>\n\t\t\t\t<article class=\"elementor-post elementor-grid-item post-2950 post type-post status-publish format-standard hentry category-anunti entry\">\n\t\t\t<div class=\"elementor-post__card\">\n\t\t\t\t<div class=\"elementor-post__text\">\n\t\t\t\t<span class=\"elementor-post__title\">\n\t\t\t<a href=\"https:\/\/bazaochi.md\/?p=2950\" >\n\t\t\t\tSistarea activit\u0103\u021bii notarului BAZAOCHI Andrei \u00een leg\u0103tur\u0103 cu plecarea \u00een concediu anual\t\t\t<\/a>\n\t\t<\/span>\n\t\t\t\t<div class=\"elementor-post__excerpt\">\n\t\t\t<p>Prin prezenta, \u00een conformitate cu art. 40 al Legii nr. 69\u00a0din 14.04.2016 cu privire la organizarea activit\u0103\u021bii notarilor, V\u0103 informez c\u0103 p\u00e2n\u0103 la data de<\/p>\n\t\t<\/div>\n\t\t\t\t<\/div>\n\t\t\t\t<div class=\"elementor-post__meta-data\">\n\t\t\t\t\t<span class=\"elementor-post-date\">\n\t\t\t27 \u043e\u043a\u0442\u044f\u0431\u0440\u044f, 2022\t\t<\/span>\n\t\t\t\t<\/div>\n\t\t\t\t\t<\/div>\n\t\t<\/article>\n\t\t\t\t<article class=\"elementor-post elementor-grid-item post-2943 post type-post status-publish format-standard hentry category-anunti entry\">\n\t\t\t<div class=\"elementor-post__card\">\n\t\t\t\t<div class=\"elementor-post__text\">\n\t\t\t\t<span class=\"elementor-post__title\">\n\t\t\t<a href=\"https:\/\/bazaochi.md\/?p=2943\" >\n\t\t\t\tBig Hearts Marathon 2022\t\t\t<\/a>\n\t\t<\/span>\n\t\t\t\t<div class=\"elementor-post__excerpt\">\n\t\t\t<p>\u00cen acest an, la fel ca \u00een anii precende\u021bi, notarul Bazaochi Andrei a participat la cel mai a\u0219teptat eveniment sportiv al anului &#8212; Chisinau Big<\/p>\n\t\t<\/div>\n\t\t\t\t<\/div>\n\t\t\t\t<div class=\"elementor-post__meta-data\">\n\t\t\t\t\t<span class=\"elementor-post-date\">\n\t\t\t3 \u043e\u043a\u0442\u044f\u0431\u0440\u044f, 2022\t\t<\/span>\n\t\t\t\t<\/div>\n\t\t\t\t\t<\/div>\n\t\t<\/article>\n\t\t\t\t<article class=\"elementor-post elementor-grid-item post-2919 post type-post status-publish format-standard hentry category-anunti entry\">\n\t\t\t<div class=\"elementor-post__card\">\n\t\t\t\t<div class=\"elementor-post__text\">\n\t\t\t\t<span class=\"elementor-post__title\">\n\t\t\t<a href=\"https:\/\/bazaochi.md\/?p=2919\" >\n\t\t\t\t\u00cen leg\u0103tur\u0103 cu evenimentele tragice, ce se petrec \u00een Ucraina\t\t\t<\/a>\n\t\t<\/span>\n\t\t\t\t<div class=\"elementor-post__excerpt\">\n\t\t\t<p>\u00cen leg\u0103tur\u0103 cu evenimentele tragice, ce se petrec \u00een Ucraina, biroul notarial BAZAOCHI Andrei a luat decizia privind oferirea asisten\u021bei juridice gratuite refugia\u021bilor din Ucraina,<\/p>\n\t\t<\/div>\n\t\t\t\t<\/div>\n\t\t\t\t<div class=\"elementor-post__meta-data\">\n\t\t\t\t\t<span class=\"elementor-post-date\">\n\t\t\t28 \u0444\u0435\u0432\u0440\u0430\u043b\u044f, 2022\t\t<\/span>\n\t\t\t\t<\/div>\n\t\t\t\t\t<\/div>\n\t\t<\/article>\n\t\t\t\t<article class=\"elementor-post elementor-grid-item post-2903 post type-post status-publish format-standard hentry category-anunti entry\">\n\t\t\t<div class=\"elementor-post__card\">\n\t\t\t\t<div class=\"elementor-post__text\">\n\t\t\t\t<span class=\"elementor-post__title\">\n\t\t\t<a href=\"https:\/\/bazaochi.md\/?p=2903\" >\n\t\t\t\t\u201eVaccinat, deci protejat!\u201d\t\t\t<\/a>\n\t\t<\/span>\n\t\t\t\t<div class=\"elementor-post__excerpt\">\n\t\t\t<p>Stima\u021bi solicitan\u021bi ai serviciilor notariale, Consider\u0103m c\u0103 cea mai eficient\u0103 cale de prevenire este vaccinarea \u0219i V\u0103 inform\u0103m c\u0103 nivelul de vaccinare \u00een cadrul biroului<\/p>\n\t\t<\/div>\n\t\t\t\t<\/div>\n\t\t\t\t<div class=\"elementor-post__meta-data\">\n\t\t\t\t\t<span class=\"elementor-post-date\">\n\t\t\t4 \u043d\u043e\u044f\u0431\u0440\u044f, 2021\t\t<\/span>\n\t\t\t\t<\/div>\n\t\t\t\t\t<\/div>\n\t\t<\/article>\n\t\t\t\t<article class=\"elementor-post elementor-grid-item post-2880 post type-post status-publish format-standard hentry category-anunti entry\">\n\t\t\t<div class=\"elementor-post__card\">\n\t\t\t\t<div class=\"elementor-post__text\">\n\t\t\t\t<span class=\"elementor-post__title\">\n\t\t\t<a href=\"https:\/\/bazaochi.md\/?p=2880\" >\n\t\t\t\tEdi\u021bia a VI-a a Maratonului Interna\u021bional Chi\u0219in\u0103u\t\t\t<\/a>\n\t\t<\/span>\n\t\t\t\t<div class=\"elementor-post__excerpt\">\n\t\t\t<p>Duminic\u0103, 17 octombrie 2021, a avut loc edi\u021bia a VI-a a Maratonului Interna\u021bional Chi\u0219in\u0103u. Ca \u0219i \u00een al\u021bi ani, notarul BAZAOCHI Andrei s-a reg\u0103sit printre<\/p>\n\t\t<\/div>\n\t\t\t\t<\/div>\n\t\t\t\t<div class=\"elementor-post__meta-data\">\n\t\t\t\t\t<span class=\"elementor-post-date\">\n\t\t\t4 \u043d\u043e\u044f\u0431\u0440\u044f, 2021\t\t<\/span>\n\t\t\t\t<\/div>\n\t\t\t\t\t<\/div>\n\t\t<\/article>\n\t\t\t\t<article class=\"elementor-post elementor-grid-item post-2850 post type-post status-publish format-standard hentry category-anunti entry\">\n\t\t\t<div class=\"elementor-post__card\">\n\t\t\t\t<div class=\"elementor-post__text\">\n\t\t\t\t<span class=\"elementor-post__title\">\n\t\t\t<a href=\"https:\/\/bazaochi.md\/?p=2850\" >\n\t\t\t\tSistarea activit\u0103\u021bii notarului ANDREI BAZAOCHI \u00een leg\u0103tur\u0103 cu plecarea \u00een concediu anual\t\t\t<\/a>\n\t\t<\/span>\n\t\t\t\t<div class=\"elementor-post__excerpt\">\n\t\t\t<p>\u00cen conformitate cu art. 40 alin. (2) a Legii nr. 69 din 14.04.2016 cu privire la organizarea activit\u0103\u021bii notarilor, V\u0103 informez c\u0103 \u00een perioada 23<\/p>\n\t\t<\/div>\n\t\t\t\t<\/div>\n\t\t\t\t<div class=\"elementor-post__meta-data\">\n\t\t\t\t\t<span class=\"elementor-post-date\">\n\t\t\t20 \u0430\u0432\u0433\u0443\u0441\u0442\u0430, 2021\t\t<\/span>\n\t\t\t\t<\/div>\n\t\t\t\t\t<\/div>\n\t\t<\/article>\n\t\t\t\t<article class=\"elementor-post elementor-grid-item post-1854 post type-post status-publish format-standard hentry category-anunti entry\">\n\t\t\t<div class=\"elementor-post__card\">\n\t\t\t\t<div class=\"elementor-post__text\">\n\t\t\t\t<span class=\"elementor-post__title\">\n\t\t\t<a href=\"https:\/\/bazaochi.md\/?p=1854\" >\n\t\t\t\tSistarea activit\u0103\u021bii notarului ANDREI BAZAOCHI \u00een leg\u0103tur\u0103 cu plecarea \u00een concediu anual.\t\t\t<\/a>\n\t\t<\/span>\n\t\t\t\t<div class=\"elementor-post__excerpt\">\n\t\t\t<p>\u00cen conformitate cu art. 40 alin. (2) a Legii nr.69&nbsp;din 14.04.2016, V\u0103 informez c\u0103 \u00een perioada 05 august 2021 \u2013 09 august 2021, notarul BAZAOCHI<\/p>\n\t\t<\/div>\n\t\t\t\t<\/div>\n\t\t\t\t<div class=\"elementor-post__meta-data\">\n\t\t\t\t\t<span class=\"elementor-post-date\">\n\t\t\t3 \u0430\u0432\u0433\u0443\u0441\u0442\u0430, 2021\t\t<\/span>\n\t\t\t\t<\/div>\n\t\t\t\t\t<\/div>\n\t\t<\/article>\n\t\t\t\t<article class=\"elementor-post elementor-grid-item post-1675 post type-post status-publish format-standard hentry category-anunti entry\">\n\t\t\t<div class=\"elementor-post__card\">\n\t\t\t\t<div class=\"elementor-post__text\">\n\t\t\t\t<span class=\"elementor-post__title\">\n\t\t\t<a href=\"https:\/\/bazaochi.md\/?p=1675\" >\n\t\t\t\tNoi am terminat elaborarea site-ului\t\t\t<\/a>\n\t\t<\/span>\n\t\t\t\t<div class=\"elementor-post__excerpt\">\n\t\t\t<p>La 3 august 2021 elaborarea site-ului a fost terminat. Dac\u0103 ave\u021bi \u00eentreb\u0103ri &#8212; v\u0103 rug\u0103m s\u0103 ne contacta\u021bi<\/p>\n\t\t<\/div>\n\t\t\t\t<\/div>\n\t\t\t\t<div class=\"elementor-post__meta-data\">\n\t\t\t\t\t<span class=\"elementor-post-date\">\n\t\t\t3 \u0430\u0432\u0433\u0443\u0441\u0442\u0430, 2021\t\t<\/span>\n\t\t\t\t<\/div>\n\t\t\t\t\t<\/div>\n\t\t<\/article>\n\t\t\t\t<article class=\"elementor-post elementor-grid-item post-1673 post type-post status-publish format-standard hentry category-anunti entry\">\n\t\t\t<div class=\"elementor-post__card\">\n\t\t\t\t<div class=\"elementor-post__text\">\n\t\t\t\t<span class=\"elementor-post__title\">\n\t\t\t<a href=\"https:\/\/bazaochi.md\/?p=1673\" >\n\t\t\t\tNoi am \u00eenceput elaborarea site-ului\t\t\t<\/a>\n\t\t<\/span>\n\t\t\t\t<div class=\"elementor-post__excerpt\">\n\t\t\t<p>La 27 iulie 2021 am dat start elabor\u0103rii site-ului bazaochi.md<\/p>\n\t\t<\/div>\n\t\t\t\t<\/div>\n\t\t\t\t<div class=\"elementor-post__meta-data\">\n\t\t\t\t\t<span class=\"elementor-post-date\">\n\t\t\t27 \u0438\u044e\u043b\u044f, 2021\t\t<\/span>\n\t\t\t\t<\/div>\n\t\t\t\t\t<\/div>\n\t\t<\/article>\n\t\t\t\t<\/div>\n\t\t\t\t<\/div>\n\t\t\t\t<\/div>\n\t\t\t\t\t<\/div>\n\t\t<\/div>\n\t\t\t\t\t\t\t<\/div>\n\t\t<\/section>\n\t\t\t\t\t\t<\/div>\n\t\t\t\t\t<\/div>\n\t\t","protected":false},"excerpt":{"rendered":"<p>\u041e\u0431\u044a\u044f\u0432\u043b\u0435\u043d\u0438\u044f<\/p>\n","protected":false},"author":1,"featured_media":0,"parent":0,"menu_order":0,"comment_status":"closed","ping_status":"closed","template":"elementor_header_footer","meta":{"footnotes":""},"class_list":["post-2329","page","type-page","status-publish","hentry","entry"],"_links":{"self":[{"href":"https:\/\/bazaochi.md\/index.php?rest_route=\/wp\/v2\/pages\/2329","targetHints":{"allow":["GET"]}}],"collection":[{"href":"https:\/\/bazaochi.md\/index.php?rest_route=\/wp\/v2\/pages"}],"about":[{"href":"https:\/\/bazaochi.md\/index.php?rest_route=\/wp\/v2\/types\/page"}],"author":[{"embeddable":true,"href":"https:\/\/bazaochi.md\/index.php?rest_route=\/wp\/v2\/users\/1"}],"replies":[{"embeddable":true,"href":"https:\/\/bazaochi.md\/index.php?rest_route=%2Fwp%2Fv2%2Fcomments&post=2329"}],"version-history":[{"count":5,"href":"https:\/\/bazaochi.md\/index.php?rest_route=\/wp\/v2\/pages\/2329\/revisions"}],"predecessor-version":[{"id":2365,"href":"https:\/\/bazaochi.md\/index.php?rest_route=\/wp\/v2\/pages\/2329\/revisions\/2365"}],"wp:attachment":[{"href":"https:\/\/bazaochi.md\/index.php?rest_route=%2Fwp%2Fv2%2Fmedia&parent=2329"}],"curies":[{"name":"wp","href":"https:\/\/api.w.org\/{rel}","templated":true}]}}